{"id":919,"date":"2020-10-25T15:57:40","date_gmt":"2020-10-25T12:57:40","guid":{"rendered":"http:\/\/caginisi.com\/?page_id=919"},"modified":"2020-10-27T20:21:42","modified_gmt":"2020-10-27T17:21:42","slug":"iletisim","status":"publish","type":"page","link":"https:\/\/www.caginisi.com\/?page_id=919","title":{"rendered":"\u0130LET\u0130\u015e\u0130M"},"content":{"rendered":"\n<p><\/p>\n\n\n<p><iframe loading=\"lazy\" src=\"https:\/\/www.google.com\/maps\/embed?pb=!1m18!1m12!1m3!1d48164.59549383378!2d28.649062382036707!3d41.01897180121065!2m3!1f0!2f0!3f0!3m2!1i1024!2i768!4f13.1!3m3!1m2!1s0x14b55e65b4a14b29%3A0xd422e69bd7625f2a!2zRG_En2FsZ2F6IMOHYcSfaW4gSXNpIFNpc3RlbWxlcmk!5e0!3m2!1str!2str!4v1603629637486!5m2!1str!2str\" style=\"border:0;\" allowfullscreen=\"\" aria-hidden=\"false\" tabindex=\"0\" width=\"600\" height=\"450\" frameborder=\"0\"><\/iframe><\/p>\n\n\n\n<p>ER\u0130\u015e\u0130M B\u0130LG\u0130LER\u0130M\u0130Z<\/p>\n\n\n\n<p><strong>\u00c7A\u011eIN ISI S\u0130STEMLER\u0130                  <\/strong>                                                <\/p>\n\n\n\n<p>Atat\u00fcrk Mahallesi Turgut \u00d6zal Bulvar\u0131 Caddesi   No:10\/D  B\u00fcy\u00fck\u00e7ekmece \/ \u0130STANBUL        <\/p>\n\n\n\n<p>E-posta: info@caginisi.com<\/p>\n\n\n\n<p>Tel-Fax: 0850 808 3996<\/p>\n","protected":false},"excerpt":{"rendered":"<p>ER\u0130\u015e\u0130M B\u0130LG\u0130LER\u0130M\u0130Z \u00c7A\u011eIN ISI S\u0130STEMLER\u0130 Atat\u00fcrk Mahallesi Turgut \u00d6zal Bulvar\u0131 Caddesi No:10\/D B\u00fcy\u00fck\u00e7ekmece \/ \u0130STANBUL E-posta: info@caginisi.com Tel-Fax: 0850 808 3996<\/p>\n","protected":false},"author":1,"featured_media":0,"parent":0,"menu_order":0,"comment_status":"closed","ping_status":"closed","template":"page-feature.php","meta":{"kt_blocks_editor_width":"","footnotes":""},"class_list":["post-919","page","type-page","status-publish","hentry"],"_links":{"self":[{"href":"https:\/\/www.caginisi.com\/index.php?rest_route=\/wp\/v2\/pages\/919","targetHints":{"allow":["GET"]}}],"collection":[{"href":"https:\/\/www.caginisi.com\/index.php?rest_route=\/wp\/v2\/pages"}],"about":[{"href":"https:\/\/www.caginisi.com\/index.php?rest_route=\/wp\/v2\/types\/page"}],"author":[{"embeddable":true,"href":"https:\/\/www.caginisi.com\/index.php?rest_route=\/wp\/v2\/users\/1"}],"replies":[{"embeddable":true,"href":"https:\/\/www.caginisi.com\/index.php?rest_route=%2Fwp%2Fv2%2Fcomments&post=919"}],"version-history":[{"count":5,"href":"https:\/\/www.caginisi.com\/index.php?rest_route=\/wp\/v2\/pages\/919\/revisions"}],"predecessor-version":[{"id":982,"href":"https:\/\/www.caginisi.com\/index.php?rest_route=\/wp\/v2\/pages\/919\/revisions\/982"}],"wp:attachment":[{"href":"https:\/\/www.caginisi.com\/index.php?rest_route=%2Fwp%2Fv2%2Fmedia&parent=919"}],"curies":[{"name":"wp","href":"https:\/\/api.w.org\/{rel}","templated":true}]}}