{"id":922,"date":"2020-10-25T16:08:27","date_gmt":"2020-10-25T13:08:27","guid":{"rendered":"http:\/\/caginisi.com\/?page_id=922"},"modified":"2020-11-04T16:16:34","modified_gmt":"2020-11-04T13:16:34","slug":"hakkimizda","status":"publish","type":"page","link":"https:\/\/www.caginisi.com\/?page_id=922","title":{"rendered":"HAKKIMIZDA"},"content":{"rendered":"\n<p class=\"has-normal-font-size\">2000 Y\u0131l\u0131nda kurulan \u0130GDA\u015e Yetkili Firmam\u0131z ,20 y\u0131ll\u0131k Do\u011falgaz Tecr\u00fcbesi ile \u0130stanbul&#8217;da bir \u00e7ok Ana Kolon Tesisat\u0131, Dairei\u00e7i Do\u011falgaz, Ticari Do\u011falgaz ve Sanayi Tesisatlar\u0131n\u0131 uygulam\u0131\u015f ve \u0130GDA\u015e Kontrol\u00fc ile m\u00fc\u015fterilerini S\u0131cak yuvalar\u0131na ve \u0130\u015fletmelerine kavu\u015fmas\u0131na yard\u0131mc\u0131 olmu\u015ftur.Tecr\u00fcbeli Tesisat\u00e7\u0131 Ekipleri, Teknisyenleri, Teknikerleri ve M\u00fchendisi ile M\u00fc\u015fterilerine hizmet vermektedir.<\/p>\n\n\n\n<p class=\"has-normal-font-size\"><strong>\u0130GDA\u015e Yetki No: 7001413<\/strong><\/p>\n\n\n\n<p class=\"has-normal-font-size\">\u0130stanbul&#8217;da Hizmet verdi\u011fimiz b\u00f6lgeler;<\/p>\n\n\n\n<p class=\"has-normal-font-size\">B\u00fcy\u00fck\u00e7ekmece, Beylikd\u00fcz\u00fc, Avc\u0131lar, \u00c7atalca, Silivri, Mimaroba,Esenyurt, Had\u0131mk\u00f6y, K\u0131ra\u00e7, Esenkent, Ak\u00e7aburgaz, Tepecik, Bah\u00e7e\u015fehir (\u0130gda\u015f yetki alan\u0131 i\u00e7inde ), Kavakl\u0131, Florya, K\u00fc\u00e7\u00fck\u00e7ekmece, Tepekent.                                                                                                                                                                                                    <\/p>\n","protected":false},"excerpt":{"rendered":"<p>2000 Y\u0131l\u0131nda kurulan \u0130GDA\u015e Yetkili Firmam\u0131z ,20 y\u0131ll\u0131k Do\u011falgaz Tecr\u00fcbesi ile \u0130stanbul&#8217;da bir \u00e7ok Ana Kolon Tesisat\u0131, Dairei\u00e7i Do\u011falgaz, Ticari Do\u011falgaz ve Sanayi Tesisatlar\u0131n\u0131 uygulam\u0131\u015f ve \u0130GDA\u015e Kontrol\u00fc ile m\u00fc\u015fterilerini S\u0131cak yuvalar\u0131na ve \u0130\u015fletmelerine kavu\u015fmas\u0131na yard\u0131mc\u0131 olmu\u015ftur.Tecr\u00fcbeli Tesisat\u00e7\u0131 Ekipleri, Teknisyenleri, &hellip; <a href=\"https:\/\/www.caginisi.com\/?page_id=922\">Devam\u0131<\/a><\/p>\n","protected":false},"author":1,"featured_media":0,"parent":0,"menu_order":0,"comment_status":"closed","ping_status":"closed","template":"page-feature.php","meta":{"kt_blocks_editor_width":"","footnotes":""},"class_list":["post-922","page","type-page","status-publish","hentry"],"_links":{"self":[{"href":"https:\/\/www.caginisi.com\/index.php?rest_route=\/wp\/v2\/pages\/922","targetHints":{"allow":["GET"]}}],"collection":[{"href":"https:\/\/www.caginisi.com\/index.php?rest_route=\/wp\/v2\/pages"}],"about":[{"href":"https:\/\/www.caginisi.com\/index.php?rest_route=\/wp\/v2\/types\/page"}],"author":[{"embeddable":true,"href":"https:\/\/www.caginisi.com\/index.php?rest_route=\/wp\/v2\/users\/1"}],"replies":[{"embeddable":true,"href":"https:\/\/www.caginisi.com\/index.php?rest_route=%2Fwp%2Fv2%2Fcomments&post=922"}],"version-history":[{"count":6,"href":"https:\/\/www.caginisi.com\/index.php?rest_route=\/wp\/v2\/pages\/922\/revisions"}],"predecessor-version":[{"id":1068,"href":"https:\/\/www.caginisi.com\/index.php?rest_route=\/wp\/v2\/pages\/922\/revisions\/1068"}],"wp:attachment":[{"href":"https:\/\/www.caginisi.com\/index.php?rest_route=%2Fwp%2Fv2%2Fmedia&parent=922"}],"curies":[{"name":"wp","href":"https:\/\/api.w.org\/{rel}","templated":true}]}}