{"id":967,"date":"2020-10-26T21:10:14","date_gmt":"2020-10-26T18:10:14","guid":{"rendered":"http:\/\/caginisi.com\/?page_id=967"},"modified":"2020-11-04T16:30:12","modified_gmt":"2020-11-04T13:30:12","slug":"dogalgaz","status":"publish","type":"page","link":"https:\/\/www.caginisi.com\/?page_id=967","title":{"rendered":"DO\u011eALGAZ"},"content":{"rendered":"\n<p class=\"has-black-color has-text-color has-medium-font-size\"><strong>\u0130STANBUL \u0130GDA\u015e<\/strong> <strong>YETK\u0130 ALANINDA<\/strong> <strong>DO\u011eALGAZ \u0130\u015eLEMLER\u0130NDE ADIMLAR:<\/strong><\/p>\n\n\n\n<p class=\"has-normal-font-size\">1-)  Do\u011falgaz al\u0131nacak  birimin \u0130GDA\u015e &#8216; a aboneli\u011finin  yap\u0131lmas\u0131.<\/p>\n\n\n\n<p class=\"has-normal-font-size\">2-)  Do\u011falgaz tesisat\u0131n\u0131n yap\u0131lmas\u0131 ,projelendirilmesi ve \u0130GDA\u015e taraf\u0131ndan onaylanmas\u0131.<\/p>\n\n\n\n<p class=\"has-normal-font-size\">3-) Do\u011falgaz kullan\u0131m\u0131n\u0131 yapacak ki\u015finin \u0130GDA\u015e&#8217;a kullan\u0131m s\u00f6zle\u015fmesi yapmas\u0131.<\/p>\n\n\n\n<p class=\"has-normal-font-size\">4-) Do\u011falgaz sayac\u0131n\u0131n tak\u0131lmas\u0131 ve gaz a\u00e7\u0131lmas\u0131l i\u00e7in randevu al\u0131nmas\u0131.<\/p>\n\n\n\n<p class=\"has-normal-font-size\">5-) Gaz a\u00e7\u0131l\u0131\u015f randevu g\u00fcn\u00fc ve saatin adreste olunup gaz a\u00e7\u0131l\u0131m\u0131n\u0131n sa\u011flanmas\u0131.<\/p>\n\n\n\n<p><\/p>\n\n\n\n<p><\/p>\n","protected":false},"excerpt":{"rendered":"<p>\u0130STANBUL \u0130GDA\u015e YETK\u0130 ALANINDA DO\u011eALGAZ \u0130\u015eLEMLER\u0130NDE ADIMLAR: 1-) Do\u011falgaz al\u0131nacak birimin \u0130GDA\u015e &#8216; a aboneli\u011finin yap\u0131lmas\u0131. 2-) Do\u011falgaz tesisat\u0131n\u0131n yap\u0131lmas\u0131 ,projelendirilmesi ve \u0130GDA\u015e taraf\u0131ndan onaylanmas\u0131. 3-) Do\u011falgaz kullan\u0131m\u0131n\u0131 yapacak ki\u015finin \u0130GDA\u015e&#8217;a kullan\u0131m s\u00f6zle\u015fmesi yapmas\u0131. 4-) Do\u011falgaz sayac\u0131n\u0131n tak\u0131lmas\u0131 ve gaz &hellip; <a href=\"https:\/\/www.caginisi.com\/?page_id=967\">Devam\u0131<\/a><\/p>\n","protected":false},"author":1,"featured_media":0,"parent":0,"menu_order":0,"comment_status":"closed","ping_status":"closed","template":"page-feature.php","meta":{"kt_blocks_editor_width":"","footnotes":""},"class_list":["post-967","page","type-page","status-publish","hentry"],"_links":{"self":[{"href":"https:\/\/www.caginisi.com\/index.php?rest_route=\/wp\/v2\/pages\/967","targetHints":{"allow":["GET"]}}],"collection":[{"href":"https:\/\/www.caginisi.com\/index.php?rest_route=\/wp\/v2\/pages"}],"about":[{"href":"https:\/\/www.caginisi.com\/index.php?rest_route=\/wp\/v2\/types\/page"}],"author":[{"embeddable":true,"href":"https:\/\/www.caginisi.com\/index.php?rest_route=\/wp\/v2\/users\/1"}],"replies":[{"embeddable":true,"href":"https:\/\/www.caginisi.com\/index.php?rest_route=%2Fwp%2Fv2%2Fcomments&post=967"}],"version-history":[{"count":13,"href":"https:\/\/www.caginisi.com\/index.php?rest_route=\/wp\/v2\/pages\/967\/revisions"}],"predecessor-version":[{"id":1077,"href":"https:\/\/www.caginisi.com\/index.php?rest_route=\/wp\/v2\/pages\/967\/revisions\/1077"}],"wp:attachment":[{"href":"https:\/\/www.caginisi.com\/index.php?rest_route=%2Fwp%2Fv2%2Fmedia&parent=967"}],"curies":[{"name":"wp","href":"https:\/\/api.w.org\/{rel}","templated":true}]}}